{"id":659,"date":"2015-08-17T09:46:05","date_gmt":"2015-08-17T09:46:05","guid":{"rendered":"http:\/\/fotones.es\/?page_id=659"},"modified":"2015-08-17T09:46:05","modified_gmt":"2015-08-17T09:46:05","slug":"fotografia-de-interiores-2","status":"publish","type":"page","link":"https:\/\/fotografoaereo.com\/?page_id=659","title":{"rendered":"Fotograf\u00eda de Interiores"},"content":{"rendered":"<p><span class=\"dropcap\">L<\/span>a\u00a0<strong>Fotograf\u00eda Profesional de Interiores<\/strong>\u00a0y la\u00a0<strong>Fotograf\u00eda de Arquitectura<\/strong>\u00a0son dos de las principales especialidades fotogr\u00e1ficas de Estudio Fotones. Los trabajos realizados abarcan una gran variedad de espacios: desde\u00a0<strong>Casas y Mansiones<\/strong>, Sedes corporativas y\u00a0<strong>Oficinas\u00a0<\/strong>,\u00a0<strong>Restaurantes<\/strong>,\u00a0<strong>Hoteles\u00a0<\/strong>y\u00a0<strong>Comercios<\/strong>, entre otros.<\/p>\n<h3>Objetivo: Fotograf\u00edas que Venden<\/h3>\n<p><a href=\"http:\/\/fotones.es\/wp-content\/uploads\/2015\/05\/valverde-arpino-web-1.jpg\"><img loading=\"lazy\" class=\"alignleft size-medium wp-image-592\" src=\"http:\/\/fotones.es\/wp-content\/uploads\/2015\/05\/valverde-arpino-web-1-300x200.jpg\" alt=\"valverde-arpino-web-1\" width=\"300\" height=\"200\" \/><\/a><\/p>\n<p>Tom\u00e1s Czurylo,\u00a0<strong>Fot\u00f3grafo Profesional de Interiores<\/strong>\u00a0y fundador de Estudio Fotones, realiza las sesiones de Fotograf\u00eda de Interiorismo con un objetivo principal: captar aquellos aspectos que caracterizan ese espacio y definen sus vol\u00famenes, a trav\u00e9s de encuadres sugestivos y de una iluminaci\u00f3n atractiva. La\u00a0<strong>postproducci\u00f3n<\/strong>\u00a0especializada, es la \u00faltima fase del trabajo en la que conseguimos crear im\u00e1genes que captan la atenci\u00f3n y el inter\u00e9s y sobre todo, que\u00a0<strong>venden<\/strong>.<\/p>\n<p>La\u00a0<strong>Fotograf\u00eda de Interiorismo<\/strong>\u00a0y la de Arquitectura normalmente van juntas. Sin embargo la t\u00e9cnica y los medios son muy distintos. Los espacios interiores se caracterizan por tener zonas de sombras profundas y zonas con una intensidad de luz muy alta (las ventanas). Es decir, son espacios con un alto contraste lum\u00ednico.<\/p>\n<h3>Fotograf\u00eda de Interiorismo: La T\u00e9cnica del Fot\u00f3grafo de Interiores<\/h3>\n<p><a href=\"http:\/\/fotones.es\/wp-content\/uploads\/2015\/05\/test-web-36.jpg\"><img loading=\"lazy\" class=\"alignright size-medium wp-image-587\" src=\"http:\/\/fotones.es\/wp-content\/uploads\/2015\/05\/test-web-36-300x200.jpg\" alt=\"test-web-36\" width=\"300\" height=\"200\" \/><\/a><\/p>\n<p>Como hemos comentado en el apartado de\u00a0<strong>Fotograf\u00eda de Arquitectura<\/strong>, la presencia de una gama tan amplia de niveles de iluminaci\u00f3n plantea serios problemas al fot\u00f3grafo a la hora de conseguir captar detalle tanto en las sombras como en las luces, debido a que los sensores de las c\u00e1maras \u2013incluso los mejores- no pueden abarcar estos valores tan extremos.<\/p>\n<p><strong>\u00bfC\u00f3mo se consigue que se vean bien las sombras y las luces en una fotograf\u00eda de interiores?<\/strong><\/p>\n<p>Exponiendo para las luces altas y aclarando las zonas de sombra para reducir la diferencia entre \u00e9stas y las luces. Para ello se utilizan flashes de estudio, normalmente rebotados en el techo, para conseguir difuminar la luz emitida de forma que rellene y aclare las sombras (por eso se suele hablar de flash de relleno).<\/p>\n<h3>Cuando la T\u00e9cnica del Flash de relleno no es suficiente para interiores<\/h3>\n<p>Aun as\u00ed, cuando se trabaja en interiores, hay muchas circunstancias en las que la luz exterior es tan intensa \u2013sobre todo cuando un ventanal preside el encuadre- que si equilibramos mucho la luz interior, acaba creando una atm\u00f3sfera falsa. La soluci\u00f3n pasa por realizar dos exposiciones y luego montarlas durante la Postproducci\u00f3n (por ejemplo, en Photoshop) lo que implica conocer bien esta t\u00e9cnica para conseguir resultados cre\u00edbles. En ocasiones, una correcta postproducci\u00f3n es suficiente, sin necesidad de recurrir a la doble exposici\u00f3n.<\/p>\n<div id=\"attachment_585\" style=\"width: 970px\" class=\"wp-caption aligncenter\"><a href=\"http:\/\/fotones.es\/wp-content\/uploads\/2015\/05\/test-web-1.jpg\"><img aria-describedby=\"caption-attachment-585\" loading=\"lazy\" class=\"wp-image-585 size-full\" src=\"http:\/\/fotones.es\/wp-content\/uploads\/2015\/05\/test-web-1.jpg\" alt=\"Foto: Tom\u00e1s Czurylo para Medigo.com\" width=\"960\" height=\"640\" \/><\/a><p id=\"caption-attachment-585\" class=\"wp-caption-text\">Foto: Tom\u00e1s Czurylo para Medigo.com<\/p><\/div>\n<h3>La regla de Oro de la Fotograf\u00eda de Interiorismo:<\/h3>\n<p>Cuando utilizamos flash de relleno en interiores, la clave para el \u00e9xito es\u00a0que no se aprecie que se ha utilizado luz de flash.\u00a0No obstante, la combinaci\u00f3n de la luz natural con la del flash tiene que parecer natural, de lo contrario la sensaci\u00f3n visual no es atractiva.<\/p>\n<p>El Problema de los espacios reducidos y los objetivos gran angulares<\/p>\n<p>Otra caracter\u00edstica muy frecuente para el fot\u00f3grafo de interiores son los espacios reducidos (como por ejemplo, los ba\u00f1os). La soluci\u00f3n m\u00e1s inmediata es la utilizaci\u00f3n de objetivos de focal corta y amplio \u00e1ngulo de visi\u00f3n (los gran angulares). Pero estos planten dos problemas: las distorsi\u00f3n de barrilete (las l\u00edneas rectas de los bordes del campo se curvan) y las l\u00edneas horizontales que se caen hacia abajo cuando la c\u00e1mara no est\u00e1 paralela al plano retratado.<br \/>\nAmbos problemas no son aceptables en una fotograf\u00eda profesional de interiorismo. Las soluciones son varias:<\/p>\n<ol>\n<li><strong>Utilizar \u00f3pticas profesionales (la diferencia es abismal). Estas aberraciones est\u00e1n casi ausentes.<\/strong><\/li>\n<li><strong>Variar el encuadre y utilizar una focal un poco m\u00e1s larga.<\/strong><\/li>\n<li><strong>Corregir el defecto durante la postproducci\u00f3n.<\/strong><\/li>\n<li><strong>Utilizar un encuadre de forma que la c\u00e1mara est\u00e9 paralela con el plano a retratar.<\/strong><\/li>\n<\/ol>\n<p>Por todo los expuesto, podemos concluir que la\u00a0<strong>Fotograf\u00eda de Interiores<\/strong>\u00a0no es sencilla y plantea muchas veces retos que requieren conocer bien la t\u00e9cnica y utilizar el equipo adecuado para poder resolverlos con \u00e9xito.<\/p>\n<h4>ALGUNOS DE NUESTROS CLIENTES<\/h4>\n<p>Una manera de evaluar el trabajo fotogr\u00e1fico, sin duda es viendo la importancia de nuestros clientes. Por ello os mostramos algunos de los clientes, que han confiado en nosotros.<\/p>\n<p><a href=\"http:\/\/www.fcc.es\" target=\"_blank\"><img loading=\"lazy\" class=\"alignnone wp-image-613 size-full\" src=\"http:\/\/fotones.es\/wp-content\/uploads\/2015\/05\/FCC_Environment_logo1.jpg\" alt=\"FCC_Environment_logo\" width=\"150\" height=\"150\" \/><\/a>\u00a0<img loading=\"lazy\" class=\"alignnone wp-image-614 size-thumbnail\" src=\"http:\/\/fotones.es\/wp-content\/uploads\/2015\/05\/LOS-SERRANOS1.gif\" alt=\"LOS-SERRANOS\" width=\"150\" height=\"150\" \/>\u00a0<a href=\"http:\/\/www.medigo.com\" target=\"_blank\"><img loading=\"lazy\" class=\"alignnone wp-image-615 size-full\" src=\"http:\/\/fotones.es\/wp-content\/uploads\/2015\/05\/medigo-logo1.png\" alt=\"medigo-logo\" width=\"150\" height=\"150\" \/><\/a>\u00a0<img loading=\"lazy\" class=\"alignnone wp-image-624 size-full\" src=\"http:\/\/fotones.es\/wp-content\/uploads\/2015\/05\/logo-1-1.jpg\" alt=\"logo-1-1\" width=\"150\" height=\"150\" \/>\u00a0<img loading=\"lazy\" class=\"alignnone wp-image-623 size-full\" src=\"http:\/\/fotones.es\/wp-content\/uploads\/2015\/05\/jijona-babel.jpg\" alt=\"jijona-babel\" width=\"150\" height=\"150\" \/><img loading=\"lazy\" class=\" size-full wp-image-620 alignnone\" src=\"http:\/\/fotones.es\/wp-content\/uploads\/2015\/05\/art_of_hemp_logo.png\" alt=\"art_of_hemp_logo\" width=\"150\" height=\"150\" \/><a href=\"http:\/\/fotones.es\/wp-content\/uploads\/2015\/05\/movilcom.jpg\"><img loading=\"lazy\" class=\" size-full wp-image-625 alignnone\" src=\"http:\/\/fotones.es\/wp-content\/uploads\/2015\/05\/movilcom.jpg\" alt=\"movilcom\" width=\"150\" height=\"150\" \/><\/a> <img loading=\"lazy\" class=\"alignnone wp-image-858 size-thumbnail\" src=\"http:\/\/fotones.es\/wp-content\/uploads\/2015\/08\/oftalvist-logo-150x150.jpg\" alt=\"oftalvist-logo\" width=\"150\" height=\"150\" \/><a href=\"http:\/\/fotones.es\/wp-content\/uploads\/2015\/08\/logo-polyanguas.png\"><img loading=\"lazy\" class=\" wp-image-857 size-thumbnail alignnone\" src=\"http:\/\/fotones.es\/wp-content\/uploads\/2015\/08\/logo-polyanguas-150x150.png\" alt=\"logo-polyanguas\" width=\"150\" height=\"150\" \/><\/a> \u00a0<a href=\"http:\/\/fotones.es\/wp-content\/uploads\/2015\/05\/elbit-foto.jpg\"><img loading=\"lazy\" class=\" size-full wp-image-621 alignnone\" src=\"http:\/\/fotones.es\/wp-content\/uploads\/2015\/05\/elbit-foto.jpg\" alt=\"elbit foto\" width=\"150\" height=\"150\" \/><\/a><\/p>\n","protected":false},"excerpt":{"rendered":"<p>La\u00a0Fotograf\u00eda Profesional de Interiores\u00a0y la\u00a0Fotograf\u00eda de Arquitectura\u00a0son dos de las principales especialidades fotogr\u00e1ficas de Estudio Fotones. Los trabajos realizados abarcan una gran variedad de espacios: desde\u00a0Casas y Mansiones, Sedes corporativas y\u00a0Oficinas\u00a0,\u00a0Restaurantes,\u00a0Hoteles\u00a0y\u00a0Comercios, entre otros. Objetivo: Fotograf\u00edas que Venden Tom\u00e1s Czurylo,\u00a0Fot\u00f3grafo Profesional de Interiores\u00a0y fundador de Estudio Fotones, realiza las sesiones de Fotograf\u00eda de Interiorismo con un objetivo principal: captar aquellos aspectos que caracterizan ese espacio y definen sus vol\u00famenes, a trav\u00e9s de encuadres sugestivos y de una iluminaci\u00f3n atractiva. La\u00a0postproducci\u00f3n\u00a0especializada, es la \u00faltima fase del trabajo en la que conseguimos crear im\u00e1genes que captan la atenci\u00f3n y el inter\u00e9s y sobre todo, que\u00a0venden. La\u00a0Fotograf\u00eda de Interiorismo\u00a0y la de Arquitectura normalmente van [&hellip;]<\/p>\n","protected":false},"author":2,"featured_media":0,"parent":0,"menu_order":0,"comment_status":"open","ping_status":"open","template":"","meta":[],"_links":{"self":[{"href":"https:\/\/fotografoaereo.com\/index.php?rest_route=\/wp\/v2\/pages\/659"}],"collection":[{"href":"https:\/\/fotografoaereo.com\/index.php?rest_route=\/wp\/v2\/pages"}],"about":[{"href":"https:\/\/fotografoaereo.com\/index.php?rest_route=\/wp\/v2\/types\/page"}],"author":[{"embeddable":true,"href":"https:\/\/fotografoaereo.com\/index.php?rest_route=\/wp\/v2\/users\/2"}],"replies":[{"embeddable":true,"href":"https:\/\/fotografoaereo.com\/index.php?rest_route=%2Fwp%2Fv2%2Fcomments&post=659"}],"version-history":[{"count":0,"href":"https:\/\/fotografoaereo.com\/index.php?rest_route=\/wp\/v2\/pages\/659\/revisions"}],"wp:attachment":[{"href":"https:\/\/fotografoaereo.com\/index.php?rest_route=%2Fwp%2Fv2%2Fmedia&parent=659"}],"curies":[{"name":"wp","href":"https:\/\/api.w.org\/{rel}","templated":true}]}}